{"id":15,"date":"2023-10-19T22:20:38","date_gmt":"2023-10-19T22:20:38","guid":{"rendered":"https:\/\/martinliut.com.ar\/wordpress\/?page_id=15"},"modified":"2023-10-20T14:47:23","modified_gmt":"2023-10-20T14:47:23","slug":"semillas-de-milonga","status":"publish","type":"page","link":"https:\/\/martinliut.com.ar\/wordpress\/?page_id=15","title":{"rendered":"Semillas de milonga"},"content":{"rendered":"\n<p>Milongas muy breves para piano, con capacidad de g\u00e9rminar en otros formatos<\/p>\n\n\n\n<p>Son 24 en total agrupadas de a 12, una por cada nota de la escala. Ser\u00e1n editadas por Acqua Records<\/p>\n\n\n\n<p>Libro1:  ya disponible en plataformas!<\/p>\n\n\n\n<figure class=\"wp-block-embed is-type-video is-provider-youtube wp-block-embed-youtube wp-embed-aspect-16-9 wp-has-aspect-ratio\"><div class=\"wp-block-embed__wrapper\">\n<iframe loading=\"lazy\" title=\"Album - Semillas de milonga: Libro 1\" width=\"500\" height=\"281\" src=\"https:\/\/www.youtube.com\/embed\/videoseries?list=OLAK5uy_ln1pTO1BmqiMZFJW5FtFKCRUwFevaTi3E\" frameborder=\"0\" allow=\"accelerometer; autoplay; clipboard-write; encrypted-media; gyroscope; picture-in-picture; web-share\" referrerpolicy=\"strict-origin-when-cross-origin\" allowfullscreen><\/iframe>\n<\/div><\/figure>\n\n\n\n<p>Link para m\u00e1s opciones: <a href=\"https:\/\/orcd.co\/db70avz\">https:\/\/orcd.co\/db70avz<\/a><\/p>\n\n\n\n<p>Libro 2: En plataformas el viernes 3 de noviembre<\/p>\n\n\n\n<p><\/p>\n","protected":false},"excerpt":{"rendered":"<p>Milongas muy breves para piano, con capacidad de g\u00e9rminar en otros formatos Son 24 en total agrupadas de a 12, una por cada nota de la escala. Ser\u00e1n editadas por Acqua Records Libro1: ya disponible en plataformas! Link para m\u00e1s opciones: https:\/\/orcd.co\/db70avz Libro 2: En plataformas el viernes 3 de noviembre<\/p>\n","protected":false},"author":1,"featured_media":0,"parent":0,"menu_order":0,"comment_status":"closed","ping_status":"closed","template":"","meta":{"footnotes":""},"class_list":["post-15","page","type-page","status-publish","hentry"],"_links":{"self":[{"href":"https:\/\/martinliut.com.ar\/wordpress\/index.php?rest_route=\/wp\/v2\/pages\/15","targetHints":{"allow":["GET"]}}],"collection":[{"href":"https:\/\/martinliut.com.ar\/wordpress\/index.php?rest_route=\/wp\/v2\/pages"}],"about":[{"href":"https:\/\/martinliut.com.ar\/wordpress\/index.php?rest_route=\/wp\/v2\/types\/page"}],"author":[{"embeddable":true,"href":"https:\/\/martinliut.com.ar\/wordpress\/index.php?rest_route=\/wp\/v2\/users\/1"}],"replies":[{"embeddable":true,"href":"https:\/\/martinliut.com.ar\/wordpress\/index.php?rest_route=%2Fwp%2Fv2%2Fcomments&post=15"}],"version-history":[{"count":5,"href":"https:\/\/martinliut.com.ar\/wordpress\/index.php?rest_route=\/wp\/v2\/pages\/15\/revisions"}],"predecessor-version":[{"id":55,"href":"https:\/\/martinliut.com.ar\/wordpress\/index.php?rest_route=\/wp\/v2\/pages\/15\/revisions\/55"}],"wp:attachment":[{"href":"https:\/\/martinliut.com.ar\/wordpress\/index.php?rest_route=%2Fwp%2Fv2%2Fmedia&parent=15"}],"curies":[{"name":"wp","href":"https:\/\/api.w.org\/{rel}","templated":true}]}}